{"id":48,"date":"2014-07-22T14:57:33","date_gmt":"2014-07-22T12:57:33","guid":{"rendered":"http:\/\/www.laskowsky.at\/hp_ep\/?page_id=48"},"modified":"2026-02-11T17:49:25","modified_gmt":"2026-02-11T16:49:25","slug":"kosten","status":"publish","type":"page","link":"https:\/\/www.laskowsky.at\/?page_id=48","title":{"rendered":"Kosten"},"content":{"rendered":"<p>Einzeltherapie:\u00a0 \u20ac 120,- pro Einheit (50 Min.)<br \/>\nPaartherapie: \u20ac 240,-\u00a0 f\u00fcr 2 Einheiten (100 Min.)<br \/>\nSupervision: \u20ac 120,- pro Einheit (50 Min.)<br \/>\nCoaching: \u20ac 120,- pro Einheit (50 Min.)<\/p>\n<p>Alle angebotenen Leistungen sind gem. \u00a7 6 Abs.1 Z19 lit.a UstG 1994 bzw. gem. Kleinunternehmerregelung im Sinne des UstG 1994 umsatzsteuerbefreit.<\/p>\n<p>Volle Kosten\u00fcbernahme durch die Krankenkasse:<br \/>\nPrinzipiell ist eine volle Kosten\u00fcbernahme durch die Krankenkasse bei mir m\u00f6glich. Die Anzahl der Therapiestunden bei der WGKK und der N\u00d6GKK sind allerdings kontingentiert. Au\u00dferdem gibt es bei den einzelnen Krankenkassen immer wieder wechselnde Sperren. Wenn Sie Interesse an einem Kassenplatz haben, bitte ich Sie, telefonisch abzukl\u00e4ren, ob noch ein Kassenplatz frei ist.<\/p>\n<p><strong>DERZEIT SIND LEIDER KEINE THERAPIEPL\u00c4TZE MIT VOLLER KOSTEN\u00dcBERNAHME BEI MIR FREI.<\/strong><\/p>\n<p>Kostenzuschuss:<br \/>\nEin Kostenzuschuss \u00fcber die Krankenkasse ist auch dann m\u00f6glich, wenn eine volle Kosten\u00fcbernahme von den Kassen gesperrt ist.<\/p>\n<p>In beiden F\u00e4llen mu\u00df jedoch eine krankheitsheitswertige Diagnose gestellt werden k\u00f6nnen.<\/p>\n<p><strong>Absageregelung<br \/>\n<\/strong>Falls Sie einen<b> <\/b>Termin nicht wahrnehmen k\u00f6nnen, sagen Sie ihn bitte ehestm\u00f6glich, sp\u00e4testens aber <strong>24 Stunden vorher <\/strong>&#8211; per Nachricht auf meiner Mobilbox oder per SMS &#8211; ab. Termine, die Sie zu einem sp\u00e4teren Zeitpunkt absagen, werden von mir in Rechnung gestellt.<\/p>\n<p><strong>Alle angebotenen Leistungen sind streng vertraulich und unterliegen der gesetzlichen Schweigepflicht gem\u00e4\u00df \u00a7 15 Psychotherapiegesetz.<\/strong><\/p>\n","protected":false},"excerpt":{"rendered":"<p>Einzeltherapie:\u00a0 \u20ac 120,- pro Einheit (50 Min.) Paartherapie: \u20ac 240,-\u00a0 f\u00fcr 2 Einheiten (100 Min.) Supervision: \u20ac 120,- pro Einheit (50 Min.) Coaching: \u20ac 120,- pro Einheit (50 Min.) Alle angebotenen Leistungen sind gem. \u00a7 6 Abs.1 Z19 lit.a UstG &hellip; <a href=\"https:\/\/www.laskowsky.at\/?page_id=48\">Weiterlesen <span class=\"meta-nav\">&rarr;<\/span><\/a><\/p>\n","protected":false},"author":1,"featured_media":0,"parent":0,"menu_order":0,"comment_status":"closed","ping_status":"closed","template":"onecolumn-page.php","meta":{"footnotes":""},"class_list":["post-48","page","type-page","status-publish","hentry"],"_links":{"self":[{"href":"https:\/\/www.laskowsky.at\/index.php?rest_route=\/wp\/v2\/pages\/48","targetHints":{"allow":["GET"]}}],"collection":[{"href":"https:\/\/www.laskowsky.at\/index.php?rest_route=\/wp\/v2\/pages"}],"about":[{"href":"https:\/\/www.laskowsky.at\/index.php?rest_route=\/wp\/v2\/types\/page"}],"author":[{"embeddable":true,"href":"https:\/\/www.laskowsky.at\/index.php?rest_route=\/wp\/v2\/users\/1"}],"replies":[{"embeddable":true,"href":"https:\/\/www.laskowsky.at\/index.php?rest_route=%2Fwp%2Fv2%2Fcomments&post=48"}],"version-history":[{"count":12,"href":"https:\/\/www.laskowsky.at\/index.php?rest_route=\/wp\/v2\/pages\/48\/revisions"}],"predecessor-version":[{"id":135,"href":"https:\/\/www.laskowsky.at\/index.php?rest_route=\/wp\/v2\/pages\/48\/revisions\/135"}],"wp:attachment":[{"href":"https:\/\/www.laskowsky.at\/index.php?rest_route=%2Fwp%2Fv2%2Fmedia&parent=48"}],"curies":[{"name":"wp","href":"https:\/\/api.w.org\/{rel}","templated":true}]}}