{"id":34,"date":"2014-07-22T12:51:36","date_gmt":"2014-07-22T10:51:36","guid":{"rendered":"http:\/\/www.laskowsky.at\/hp_ep\/?page_id=34"},"modified":"2024-12-11T21:47:08","modified_gmt":"2024-12-11T20:47:08","slug":"familientherapie","status":"publish","type":"page","link":"https:\/\/www.laskowsky.at\/?page_id=34","title":{"rendered":"Familientherapie"},"content":{"rendered":"<p>Das Ziel der systemischen Familientherapie ist es mit der Klientin oder dem Klienten gemeinsam L\u00f6sungen f\u00fcr ihre Probleme zu finden, zu gestalten und sie zu begleiten. Therapie und Beratung k\u00f6nnen keine gezielten Verhaltens\u00e4nderungen von au\u00dfen herbeif\u00fchren sondern stellen ein Anregungspotential f\u00fcr die Selbstver\u00e4nderung dynamischer, selbstorganisierter sozialer System dar.<\/p>\n","protected":false},"excerpt":{"rendered":"<p>Das Ziel der systemischen Familientherapie ist es mit der Klientin oder dem Klienten gemeinsam L\u00f6sungen f\u00fcr ihre Probleme zu finden, zu gestalten und sie zu begleiten. Therapie und Beratung k\u00f6nnen keine gezielten Verhaltens\u00e4nderungen von au\u00dfen herbeif\u00fchren sondern stellen ein Anregungspotential &hellip; <a href=\"https:\/\/www.laskowsky.at\/?page_id=34\">Weiterlesen <span class=\"meta-nav\">&rarr;<\/span><\/a><\/p>\n","protected":false},"author":1,"featured_media":0,"parent":0,"menu_order":0,"comment_status":"closed","ping_status":"closed","template":"onecolumn-page.php","meta":{"footnotes":""},"class_list":["post-34","page","type-page","status-publish","hentry"],"_links":{"self":[{"href":"https:\/\/www.laskowsky.at\/index.php?rest_route=\/wp\/v2\/pages\/34","targetHints":{"allow":["GET"]}}],"collection":[{"href":"https:\/\/www.laskowsky.at\/index.php?rest_route=\/wp\/v2\/pages"}],"about":[{"href":"https:\/\/www.laskowsky.at\/index.php?rest_route=\/wp\/v2\/types\/page"}],"author":[{"embeddable":true,"href":"https:\/\/www.laskowsky.at\/index.php?rest_route=\/wp\/v2\/users\/1"}],"replies":[{"embeddable":true,"href":"https:\/\/www.laskowsky.at\/index.php?rest_route=%2Fwp%2Fv2%2Fcomments&post=34"}],"version-history":[{"count":2,"href":"https:\/\/www.laskowsky.at\/index.php?rest_route=\/wp\/v2\/pages\/34\/revisions"}],"predecessor-version":[{"id":122,"href":"https:\/\/www.laskowsky.at\/index.php?rest_route=\/wp\/v2\/pages\/34\/revisions\/122"}],"wp:attachment":[{"href":"https:\/\/www.laskowsky.at\/index.php?rest_route=%2Fwp%2Fv2%2Fmedia&parent=34"}],"curies":[{"name":"wp","href":"https:\/\/api.w.org\/{rel}","templated":true}]}}