{"id":29,"date":"2014-07-22T12:48:45","date_gmt":"2014-07-22T10:48:45","guid":{"rendered":"http:\/\/www.laskowsky.at\/hp_ep\/?page_id=29"},"modified":"2024-12-11T21:45:55","modified_gmt":"2024-12-11T20:45:55","slug":"einzeltherapie","status":"publish","type":"page","link":"https:\/\/www.laskowsky.at\/?page_id=29","title":{"rendered":"Einzeltherapie"},"content":{"rendered":"<p>In der Einzeltherapie unterst\u00fctze ich Sie, bei seelischen Leidenszust\u00e4nden, psychosozialen Problemen, Beziehungsproblemen oder beruflichen Schwierigkeiten, um die Probleme besser bew\u00e4ltigen zu k\u00f6nnen.<\/p>\n<p>Mit dem Ansatz der systemischen Psychotherapie helfe ich Ihnen neue L\u00f6sungen zu finden und problematische Erfahrungen zu bew\u00e4ltigen. Grunds\u00e4tzliches Ziel der systemischen Psychotherapie ist die St\u00e4rkung der Autonomie und des Selbstwerts jeder einzelnen Person unter Betrachtung der Einzelperson als Teil ihres Gesamtsystems. Bei jeder Psychotherapie gilt, dass PatientInnen aktiv mitarbeiten.<\/p>\n","protected":false},"excerpt":{"rendered":"<p>In der Einzeltherapie unterst\u00fctze ich Sie, bei seelischen Leidenszust\u00e4nden, psychosozialen Problemen, Beziehungsproblemen oder beruflichen Schwierigkeiten, um die Probleme besser bew\u00e4ltigen zu k\u00f6nnen. Mit dem Ansatz der systemischen Psychotherapie helfe ich Ihnen neue L\u00f6sungen zu finden und problematische Erfahrungen zu bew\u00e4ltigen. &hellip; <a href=\"https:\/\/www.laskowsky.at\/?page_id=29\">Weiterlesen <span class=\"meta-nav\">&rarr;<\/span><\/a><\/p>\n","protected":false},"author":1,"featured_media":0,"parent":0,"menu_order":0,"comment_status":"closed","ping_status":"closed","template":"onecolumn-page.php","meta":{"footnotes":""},"class_list":["post-29","page","type-page","status-publish","hentry"],"_links":{"self":[{"href":"https:\/\/www.laskowsky.at\/index.php?rest_route=\/wp\/v2\/pages\/29","targetHints":{"allow":["GET"]}}],"collection":[{"href":"https:\/\/www.laskowsky.at\/index.php?rest_route=\/wp\/v2\/pages"}],"about":[{"href":"https:\/\/www.laskowsky.at\/index.php?rest_route=\/wp\/v2\/types\/page"}],"author":[{"embeddable":true,"href":"https:\/\/www.laskowsky.at\/index.php?rest_route=\/wp\/v2\/users\/1"}],"replies":[{"embeddable":true,"href":"https:\/\/www.laskowsky.at\/index.php?rest_route=%2Fwp%2Fv2%2Fcomments&post=29"}],"version-history":[{"count":2,"href":"https:\/\/www.laskowsky.at\/index.php?rest_route=\/wp\/v2\/pages\/29\/revisions"}],"predecessor-version":[{"id":121,"href":"https:\/\/www.laskowsky.at\/index.php?rest_route=\/wp\/v2\/pages\/29\/revisions\/121"}],"wp:attachment":[{"href":"https:\/\/www.laskowsky.at\/index.php?rest_route=%2Fwp%2Fv2%2Fmedia&parent=29"}],"curies":[{"name":"wp","href":"https:\/\/api.w.org\/{rel}","templated":true}]}}