{"id":25,"date":"2014-07-22T12:45:56","date_gmt":"2014-07-22T10:45:56","guid":{"rendered":"http:\/\/www.laskowsky.at\/hp_ep\/?page_id=25"},"modified":"2024-12-11T21:44:24","modified_gmt":"2024-12-11T20:44:24","slug":"coaching","status":"publish","type":"page","link":"https:\/\/www.laskowsky.at\/?page_id=25","title":{"rendered":"Coaching"},"content":{"rendered":"<p>Beim Coaching begleite ich Sie die eigenen St\u00e4rken und Qualit\u00e4ten ihrer Pers\u00f6nlichkeit im beruflichen Kontext zu entdecken und Ihre bisher nicht genutzten Ressourcen zu nutzen um neue Wege zu gehen oder schwierige Entscheidungen zu treffen. In meiner Arbeit unterst\u00fctze ich sie in der Reflexion ihrer eigenen Verhaltens- und Wahrnehmungsmuster und in der Erweiterung des Blick f\u00fcr neue L\u00f6sungsm\u00f6glichkeiten.<\/p>\n<p>Coaching unterst\u00fctzt Sie<\/p>\n<ul style=\"color: #000000;\">\n<li>bei Bew\u00e4ltigung von Konflikten<\/li>\n<li>Alternativen zu finden und er\u00f6rtern<\/li>\n<li>Entscheidungen zu treffen<\/li>\n<li>Grenzen zu erkennen und zu ziehen<\/li>\n<li>Mut zu fassen<\/li>\n<\/ul>\n","protected":false},"excerpt":{"rendered":"<p>Beim Coaching begleite ich Sie die eigenen St\u00e4rken und Qualit\u00e4ten ihrer Pers\u00f6nlichkeit im beruflichen Kontext zu entdecken und Ihre bisher nicht genutzten Ressourcen zu nutzen um neue Wege zu gehen oder schwierige Entscheidungen zu treffen. In meiner Arbeit unterst\u00fctze ich &hellip; <a href=\"https:\/\/www.laskowsky.at\/?page_id=25\">Weiterlesen <span class=\"meta-nav\">&rarr;<\/span><\/a><\/p>\n","protected":false},"author":1,"featured_media":0,"parent":0,"menu_order":0,"comment_status":"closed","ping_status":"closed","template":"onecolumn-page.php","meta":{"footnotes":""},"class_list":["post-25","page","type-page","status-publish","hentry"],"_links":{"self":[{"href":"https:\/\/www.laskowsky.at\/index.php?rest_route=\/wp\/v2\/pages\/25","targetHints":{"allow":["GET"]}}],"collection":[{"href":"https:\/\/www.laskowsky.at\/index.php?rest_route=\/wp\/v2\/pages"}],"about":[{"href":"https:\/\/www.laskowsky.at\/index.php?rest_route=\/wp\/v2\/types\/page"}],"author":[{"embeddable":true,"href":"https:\/\/www.laskowsky.at\/index.php?rest_route=\/wp\/v2\/users\/1"}],"replies":[{"embeddable":true,"href":"https:\/\/www.laskowsky.at\/index.php?rest_route=%2Fwp%2Fv2%2Fcomments&post=25"}],"version-history":[{"count":4,"href":"https:\/\/www.laskowsky.at\/index.php?rest_route=\/wp\/v2\/pages\/25\/revisions"}],"predecessor-version":[{"id":120,"href":"https:\/\/www.laskowsky.at\/index.php?rest_route=\/wp\/v2\/pages\/25\/revisions\/120"}],"wp:attachment":[{"href":"https:\/\/www.laskowsky.at\/index.php?rest_route=%2Fwp%2Fv2%2Fmedia&parent=25"}],"curies":[{"name":"wp","href":"https:\/\/api.w.org\/{rel}","templated":true}]}}