{"id":15,"date":"2014-07-22T11:41:24","date_gmt":"2014-07-22T09:41:24","guid":{"rendered":"http:\/\/www.laskowsky.at\/hp_ep\/?page_id=15"},"modified":"2024-12-11T22:00:29","modified_gmt":"2024-12-11T21:00:29","slug":"psychotherapie","status":"publish","type":"page","link":"https:\/\/www.laskowsky.at\/","title":{"rendered":"Psychotherapie"},"content":{"rendered":"<blockquote><p>Vielleicht sind alle Drachen unseres Lebens Prinzessinnen, die nur darauf warten uns einmal sch\u00f6n und mutig zu sehen. Vielleicht ist alles Schreckliche im Grunde das Hilflose, das von uns Hilfe will.<\/p>\n<p>(Rainer Maria Rilke)<\/p><\/blockquote>\n<p>Systemische Psychotherapie sieht die Verhaltensweise des einzelnen nicht isoliert, sondern in Bezug zu seiner Familie oder gr\u00f6\u00dferen Systemen und f\u00f6rdert die Wiederentdeckung von eigenen F\u00e4higkeiten und St\u00e4rken auf der Suche nach zufriedenstellenden Probleml\u00f6sungen.<\/p>\n<p>&nbsp;<\/p>\n","protected":false},"excerpt":{"rendered":"<p>Vielleicht sind alle Drachen unseres Lebens Prinzessinnen, die nur darauf warten uns einmal sch\u00f6n und mutig zu sehen. Vielleicht ist alles Schreckliche im Grunde das Hilflose, das von uns Hilfe will. (Rainer Maria Rilke) Systemische Psychotherapie sieht die Verhaltensweise des &hellip; <a href=\"https:\/\/www.laskowsky.at\/\">Weiterlesen <span class=\"meta-nav\">&rarr;<\/span><\/a><\/p>\n","protected":false},"author":1,"featured_media":0,"parent":0,"menu_order":0,"comment_status":"closed","ping_status":"closed","template":"onecolumn-page.php","meta":{"footnotes":""},"class_list":["post-15","page","type-page","status-publish","hentry"],"_links":{"self":[{"href":"https:\/\/www.laskowsky.at\/index.php?rest_route=\/wp\/v2\/pages\/15","targetHints":{"allow":["GET"]}}],"collection":[{"href":"https:\/\/www.laskowsky.at\/index.php?rest_route=\/wp\/v2\/pages"}],"about":[{"href":"https:\/\/www.laskowsky.at\/index.php?rest_route=\/wp\/v2\/types\/page"}],"author":[{"embeddable":true,"href":"https:\/\/www.laskowsky.at\/index.php?rest_route=\/wp\/v2\/users\/1"}],"replies":[{"embeddable":true,"href":"https:\/\/www.laskowsky.at\/index.php?rest_route=%2Fwp%2Fv2%2Fcomments&post=15"}],"version-history":[{"count":3,"href":"https:\/\/www.laskowsky.at\/index.php?rest_route=\/wp\/v2\/pages\/15\/revisions"}],"predecessor-version":[{"id":129,"href":"https:\/\/www.laskowsky.at\/index.php?rest_route=\/wp\/v2\/pages\/15\/revisions\/129"}],"wp:attachment":[{"href":"https:\/\/www.laskowsky.at\/index.php?rest_route=%2Fwp%2Fv2%2Fmedia&parent=15"}],"curies":[{"name":"wp","href":"https:\/\/api.w.org\/{rel}","templated":true}]}}